{"id":2490,"date":"2023-10-09T09:42:56","date_gmt":"2023-10-09T06:42:56","guid":{"rendered":"https:\/\/www.krokofinland.fi\/drivers\/"},"modified":"2023-11-16T13:03:39","modified_gmt":"2023-11-16T11:03:39","slug":"drivers","status":"publish","type":"page","link":"https:\/\/www.krokofinland.fi\/en\/drivers\/","title":{"rendered":"Downloads"},"content":{"rendered":"\n  <div id=\"page-header-196865771\" class=\"page-header-wrapper\">\n  <div class=\"page-title dark featured-title\">\n\n        <div class=\"page-title-bg\">\n      <div class=\"title-bg fill bg-fill\"\n        data-parallax-container=\".page-title\"\n        data-parallax-background\n        data-parallax=\"-\">\n      <\/div>\n      <div class=\"title-overlay fill\"><\/div>\n    <\/div>\n    \n    <div class=\"page-title-inner container align-center text-center flex-row-col medium-flex-wrap\" >\n              <div class=\"title-wrapper flex-col\">\n          <h1 class=\"entry-title mb-0\">\n            Downloads          <\/h1>\n        <\/div>\n                    <div class=\"title-content flex-col\">\n        <ul class=\"nav sm-touch-scroll nav-simple nav-uppercase text-center nav-center\"><li class=\"nav-single-page hidden\"><\/li><\/ul>      <\/div>\n    <\/div>\n\n     \n<style>\n#page-header-196865771 .title-bg {\n  background-image: url(https:\/\/www.krokofinland.fi\/wp-content\/uploads\/2021\/05\/waves-bg.jpg);\n}\n#page-header-196865771 .title-overlay {\n  background-color: rgba(0, 0, 0, 0.25);\n}\n<\/style>\n  <\/div>\n    <\/div>\n  \n\n\n\t<section class=\"section\" id=\"section_44810221\">\n\t\t<div class=\"section-bg fill\" >\n\t\t\t\t\t\t\t\t\t\n\t\t\t\n\n\t\t<\/div>\n\n\t\t\n\n\t\t<div class=\"section-content relative\">\n\t\t\t\n\n<div class=\"row align-middle\"  id=\"row-451525446\">\n\n\n\t<div id=\"col-1845168067\" class=\"col medium-6 small-12 large-6\"  >\n\t\t\t\t<div class=\"col-inner\"  >\n\t\t\t\n\t\t\t\n\n\t<div class=\"img has-hover x md-x lg-x y md-y lg-y\" id=\"image_477261741\">\n\t\t\t\t\t\t\t\t<div class=\"img-inner image-cover dark\" style=\"padding-top:56.25%;\">\n\t\t\t<img loading=\"lazy\" decoding=\"async\" width=\"1020\" height=\"680\" src=\"https:\/\/www.krokofinland.fi\/wp-content\/uploads\/2023\/08\/Ajuri-sivun-kuva-1-1200x800.jpg\" class=\"attachment-large size-large\" alt=\"\" srcset=\"https:\/\/www.krokofinland.fi\/wp-content\/uploads\/2023\/08\/Ajuri-sivun-kuva-1-1200x800.jpg 1200w, https:\/\/www.krokofinland.fi\/wp-content\/uploads\/2023\/08\/Ajuri-sivun-kuva-1-600x400.jpg 600w, https:\/\/www.krokofinland.fi\/wp-content\/uploads\/2023\/08\/Ajuri-sivun-kuva-1-768x512.jpg 768w, https:\/\/www.krokofinland.fi\/wp-content\/uploads\/2023\/08\/Ajuri-sivun-kuva-1-1536x1024.jpg 1536w, https:\/\/www.krokofinland.fi\/wp-content\/uploads\/2023\/08\/Ajuri-sivun-kuva-1-2048x1365.jpg 2048w\" sizes=\"auto, (max-width: 1020px) 100vw, 1020px\" \/>\t\t\t\t\t\t\n\t\t\t\t\t<\/div>\n\t\t\t\t\t\t\t\t\n<style>\n#image_477261741 {\n  width: 100%;\n}\n<\/style>\n\t<\/div>\n\t\n\n\n\t\t<\/div>\n\t\t\t\t\t<\/div>\n\n\t\n\n\t<div id=\"col-950561152\" class=\"col medium-6 small-12 large-6\"  >\n\t\t\t\t<div class=\"col-inner\"  >\n\t\t\t\n\t\t\t\n\n<p style=\"text-align: left;\">Mukavaa, ett\u00e4 olet valinnut k\u00e4ytt\u00f6\u00f6si Kroko tulostimen. T\u00e4lt\u00e4 sivulta saatte ladattua kaikkien tulostimiemme ajurit. Autamme my\u00f6s mielell\u00e4mme ajurien asentamisessa joko et\u00e4n\u00e4 tai paikanp\u00e4\u00e4ll\u00e4.<\/p>\n\n\t\t<\/div>\n\t\t\t\t\t<\/div>\n\n\t\n\n<\/div>\n\n\t\t<\/div>\n\n\t\t\n<style>\n#section_44810221 {\n  padding-top: 60px;\n  padding-bottom: 60px;\n  background-color: rgb(248, 248, 248);\n}\n<\/style>\n\t<\/section>\n\t\n<span class=\"scroll-to\" data-label=\"Scroll to: #ajurit\" data-bullet=\"false\" data-link=\"#ajurit\" data-title=\"Lataa ajurit\"><a name=\"ajurit\"><\/a><\/span>\n\n<span class=\"scroll-to\" data-label=\"Scroll to: #asiantuntijat\" data-bullet=\"false\" data-link=\"#asiantuntijat\" data-title=\"Kysy asiantuntijalta\"><a name=\"asiantuntijat\"><\/a><\/span>\n\n\n\t<section class=\"section\" id=\"section_1993451115\">\n\t\t<div class=\"section-bg fill\" >\n\t\t\t\t\t\t\t\t\t\n\t\t\t\n\n\t\t<\/div>\n\n\t\t\n\n\t\t<div class=\"section-content relative\">\n\t\t\t\n\n<div class=\"row align-center\"  id=\"row-1861703343\">\n\n\n\t<div id=\"col-1037135559\" class=\"col medium-8 small-12 large-8\"  >\n\t\t\t\t<div class=\"col-inner text-center\"  >\n\t\t\t\n\t\t\t\n\n<h2>Lataa ajurit<\/h2>\n\n\t\t<\/div>\n\t\t\t\t\t<\/div>\n\n\t\n\n<\/div>\n<div class=\"row row-small align-equal align-center\"  id=\"row-61542594\">\n\n\n\t<div id=\"col-2052573185\" class=\"col medium-4 small-12 large-4\"  >\n\t\t\t\t<div class=\"col-inner\"  >\n\t\t\t\n\t\t\t\n\n\t<div class=\"img has-hover x md-x lg-x y md-y lg-y\" id=\"image_1761116256\">\n\t\t\t\t\t\t\t\t<div class=\"img-inner dark\" >\n\t\t\t<img loading=\"lazy\" decoding=\"async\" width=\"1020\" height=\"670\" src=\"https:\/\/www.krokofinland.fi\/wp-content\/uploads\/2023\/08\/Ajurikuva.jpg\" class=\"attachment-large size-large\" alt=\"\" srcset=\"https:\/\/www.krokofinland.fi\/wp-content\/uploads\/2023\/08\/Ajurikuva.jpg 1159w, https:\/\/www.krokofinland.fi\/wp-content\/uploads\/2023\/08\/Ajurikuva-609x400.jpg 609w, https:\/\/www.krokofinland.fi\/wp-content\/uploads\/2023\/08\/Ajurikuva-768x504.jpg 768w, https:\/\/www.krokofinland.fi\/wp-content\/uploads\/2023\/08\/Ajurikuva-600x394.jpg 600w\" sizes=\"auto, (max-width: 1020px) 100vw, 1020px\" \/>\t\t\t\t\t\t\n\t\t\t\t\t<\/div>\n\t\t\t\t\t\t\t\t\n<style>\n#image_1761116256 {\n  width: 100%;\n}\n<\/style>\n\t<\/div>\n\t\n\n<h3>Kroko ajurit<\/h3>\n<p style=\"text-align: left;\">Ajuripakettimme pit\u00e4\u00e4 sis\u00e4ll\u00e4\u00e4n Kroko Label tarraeditorin ja tarvittavat ajurit kaikkiin tulostimiin.<\/p>\n<a href=\"#driver-01\" class=\"button primary\" >\n\t\t<span>Download drivers<\/span>\n\t<\/a>\n\r\n\r\n\t<div id=\"driver-01\"\n\t     class=\"lightbox-by-id lightbox-content mfp-hide lightbox-white \"\n\t     style=\"max-width:600px ;padding:20px\">\n\t\t<div class='fluentform ff-default fluentform_wrapper_12 ffs_default_wrap'><form data-form_id=\"12\" id=\"fluentform_12\" class=\"frm-fluent-form fluent_form_12 ff-el-form-top ff_form_instance_12_1 ff-form-loading ff_has_v3_recptcha ffs_default\" data-form_instance=\"ff_form_instance_12_1\" method=\"POST\" data-recptcha_key=\"6Lc8c3EoAAAAAB4iislCmhr-KbAk0BMLaSsnHoVB\" ><fieldset  style=\"border: none!important;margin: 0!important;padding: 0!important;background-color: transparent!important;box-shadow: none!important;outline: none!important; min-inline-size: 100%;\">\n                    <legend class=\"ff_screen_reader_title\" style=\"display: block; margin: 0!important;padding: 0!important;height: 0!important;text-indent: -999999px;width: 0!important;overflow:hidden;\">Driver-Download-EN<\/legend><input type='hidden' name='__fluent_form_embded_post_id' value='2490' \/><input type=\"hidden\" id=\"_fluentform_12_fluentformnonce\" name=\"_fluentform_12_fluentformnonce\" value=\"be6814a79d\" \/><input type=\"hidden\" name=\"_wp_http_referer\" value=\"\/en\/wp-json\/wp\/v2\/pages\/2490\" \/><div class='ff-el-group  ff-custom_html' tabindex='-1' data-name=\"custom_html-12_1\" ><p class=\"lead\">By filling in the form, you will receive a driver link to your email.<\/p><\/div><div class='ff-el-group'><div class=\"ff-el-input--label asterisk-right\"><label for='ff_12_input_text' id='label_ff_12_input_text' aria-label=\"Company\">Company<\/label><\/div><div class='ff-el-input--content'><input type=\"text\" name=\"input_text\" class=\"ff-el-form-control\" data-name=\"input_text\" id=\"ff_12_input_text\"  aria-invalid=\"false\" aria-required=false><\/div><\/div><div data-type=\"name-element\" data-name=\"names\" class=\" ff-field_container ff-name-field-wrapper\" ><div class='ff-t-container'><div class='ff-t-cell '><div class='ff-el-group  ff-el-form-top'><div class=\"ff-el-input--label ff-el-is-required asterisk-right\"><label for='ff_12_names_first_name_' id='label_ff_12_names_first_name_' >First name<\/label><\/div><div class='ff-el-input--content'><input type=\"text\" name=\"names[first_name]\" id=\"ff_12_names_first_name_\" class=\"ff-el-form-control\" aria-invalid=\"false\" aria-required=true><\/div><\/div><\/div><div class='ff-t-cell '><div class='ff-el-group  ff-el-form-top'><div class=\"ff-el-input--label ff-el-is-required asterisk-right\"><label for='ff_12_names_last_name_' id='label_ff_12_names_last_name_' >Last name<\/label><\/div><div class='ff-el-input--content'><input type=\"text\" name=\"names[last_name]\" id=\"ff_12_names_last_name_\" class=\"ff-el-form-control\" aria-invalid=\"false\" aria-required=true><\/div><\/div><\/div><\/div><\/div><div class='ff-el-group'><div class=\"ff-el-input--label ff-el-is-required asterisk-right\"><label for='ff_12_email' id='label_ff_12_email' aria-label=\"Email\">Email<\/label><\/div><div class='ff-el-input--content'><input type=\"email\" name=\"email\" id=\"ff_12_email\" class=\"ff-el-form-control\" data-name=\"email\"  aria-invalid=\"false\" aria-required=true><\/div><\/div><div class='ff-el-group'><div class=\"ff-el-input--label ff-el-is-required asterisk-right\"><label for='ff_12_phone' id='label_ff_12_phone' aria-label=\"Phone\">Phone<\/label><\/div><div class='ff-el-input--content'><input name=\"phone\" class=\"ff-el-form-control ff-el-phone ff_el_with_extended_validation\" type=\"tel\" data-name=\"phone\" id=\"ff_12_phone\" inputmode=\"tel\"  aria-invalid='false' aria-required=true><\/div><\/div><div class='ff-el-group ff-text-left ff_submit_btn_wrapper'><button type=\"submit\" class=\"ff-btn ff-btn-submit ff-btn-md button primary ff_btn_no_style\"  aria-label=\"Send link to my email\">Send link to my email<\/button><\/div><\/fieldset><\/form><div id='fluentform_12_errors' class='ff-errors-in-stack ff_form_instance_12_1 ff-form-loading_errors ff_form_instance_12_1_errors'><\/div><\/div>            <script type=\"text\/javascript\">\n                window.fluent_form_ff_form_instance_12_1 = {\"id\":\"12\",\"settings\":{\"layout\":{\"labelPlacement\":\"top\",\"helpMessagePlacement\":\"with_label\",\"errorMessagePlacement\":\"inline\",\"cssClassName\":\"\",\"asteriskPlacement\":\"asterisk-right\"},\"restrictions\":{\"denyEmptySubmission\":{\"enabled\":false}}},\"form_instance\":\"ff_form_instance_12_1\",\"form_id_selector\":\"fluentform_12\",\"rules\":{\"input_text\":{\"required\":{\"value\":false,\"message\":\"This field is required\"}},\"names[first_name]\":{\"required\":{\"value\":true,\"message\":\"This field is required\"}},\"names[middle_name]\":{\"required\":{\"value\":false,\"message\":\"This field is required\"}},\"names[last_name]\":{\"required\":{\"value\":true,\"message\":\"This field is required\"}},\"email\":{\"required\":{\"value\":true,\"message\":\"This field is required\"},\"email\":{\"value\":true,\"message\":\"This field must contain a valid email\"}},\"phone\":{\"required\":{\"value\":true,\"message\":\"This field is required\"},\"valid_phone_number\":{\"value\":true,\"message\":\"Phone number is not valid\"}}},\"debounce_time\":300};\n                            <\/script>\n            \t<\/div>\n\t\n\t\n\n\n\t\t<\/div>\n\t\t\t\t\n<style>\n#col-2052573185 > .col-inner {\n  padding: 50px 50px 50px 50px;\n}\n<\/style>\n\t<\/div>\n\n\t\n\n\t<div id=\"col-241551052\" class=\"col medium-4 small-12 large-4\"  >\n\t\t\t\t<div class=\"col-inner\"  >\n\t\t\t\n\t\t\t\n\n\t<div class=\"img has-hover x md-x lg-x y md-y lg-y\" id=\"image_1138036412\">\n\t\t\t\t\t\t\t\t<div class=\"img-inner dark\" style=\"margin:0px 0px 0px 0px;\">\n\t\t\t<img loading=\"lazy\" decoding=\"async\" width=\"225\" height=\"225\" src=\"https:\/\/www.krokofinland.fi\/wp-content\/uploads\/2023\/10\/Teamviewer-logo.png\" class=\"attachment-large size-large\" alt=\"\" srcset=\"https:\/\/www.krokofinland.fi\/wp-content\/uploads\/2023\/10\/Teamviewer-logo.png 225w, https:\/\/www.krokofinland.fi\/wp-content\/uploads\/2023\/10\/Teamviewer-logo-100x100.png 100w\" sizes=\"auto, (max-width: 225px) 100vw, 225px\" \/>\t\t\t\t\t\t\n\t\t\t\t\t<\/div>\n\t\t\t\t\t\t\t\t\n<style>\n#image_1138036412 {\n  width: 66%;\n}\n<\/style>\n\t<\/div>\n\t\n\n<h3>Teamviewer<\/h3>\n<p style=\"text-align: left;\">Alla olevasta painikkeesta p\u00e4\u00e4set lataamaan teamviewer quicksupport ty\u00f6kalun.<\/p>\n<a href=\"https:\/\/download.teamviewer.com\/QS\" class=\"button primary\" >\n\t\t<span>Lataa teamviewer<\/span>\n\t<\/a>\n\n\n\n\t\t<\/div>\n\t\t\t\t\n<style>\n#col-241551052 > .col-inner {\n  padding: 50px 50px 50px 50px;\n}\n<\/style>\n\t<\/div>\n\n\t\n\n\n<style>\n#row-61542594 > .col > .col-inner {\n  background-color: rgb(248, 248, 248);\n  border-radius: 20px;\n}\n<\/style>\n<\/div>\n\n\t\t<\/div>\n\n\t\t\n<style>\n#section_1993451115 {\n  padding-top: 60px;\n  padding-bottom: 60px;\n}\n<\/style>\n\t<\/section>\n\t\n\n\t<section class=\"section\" id=\"section_2141895667\">\n\t\t<div class=\"section-bg fill\" >\n\t\t\t\t\t\t\t\t\t\n\t\t\t\n\n\t\t<\/div>\n\n\t\t\n\n\t\t<div class=\"section-content relative\">\n\t\t\t\n\n<div class=\"row align-center\"  id=\"row-1095329015\">\n\n\n\t<div id=\"col-1816648795\" class=\"col medium-8 small-12 large-8\"  >\n\t\t\t\t<div class=\"col-inner text-center\"  >\n\t\t\t\n\t\t\t\n\n<h2>Yhteystiedot<\/h2>\n\n\t\t<\/div>\n\t\t\t\t\t<\/div>\n\n\t\n\n<\/div>\n<div class=\"row align-center\"  id=\"row-482392690\">\n\n\n\t<div id=\"col-1657710092\" class=\"col medium-10 small-12 large-10\"  >\n\t\t\t\t<div class=\"col-inner text-left\" style=\"background-color:rgb(255,255,255);\" >\n\t\t\t\n\t\t\t\n\n<div class=\"row align-center\"  id=\"row-1573265970\">\n\n\n\t<div id=\"col-432943756\" class=\"col medium-6 small-12 large-4\"  >\n\t\t\t\t<div class=\"col-inner\"  >\n\t\t\t\n\t\t\t\n\n    <div class=\"box has-hover has-hover box-text-bottom\" >\n\n                  <div class=\"box-image \" style=\"width:50%;\">\n           <div class=\"box-image-inner image-cover\" style=\"border-radius:100%;padding-top:100%;\">\n              <img loading=\"lazy\" decoding=\"async\" width=\"512\" height=\"512\" src=\"https:\/\/www.krokofinland.fi\/wp-content\/uploads\/2023\/05\/Streamlineicons-Streamline-Ux-Free-Customer-service-man.512.png\" class=\"attachment- size-\" alt=\"\" srcset=\"https:\/\/www.krokofinland.fi\/wp-content\/uploads\/2023\/05\/Streamlineicons-Streamline-Ux-Free-Customer-service-man.512.png 512w, https:\/\/www.krokofinland.fi\/wp-content\/uploads\/2023\/05\/Streamlineicons-Streamline-Ux-Free-Customer-service-man.512-400x400.png 400w, https:\/\/www.krokofinland.fi\/wp-content\/uploads\/2023\/05\/Streamlineicons-Streamline-Ux-Free-Customer-service-man.512-280x280.png 280w, https:\/\/www.krokofinland.fi\/wp-content\/uploads\/2023\/05\/Streamlineicons-Streamline-Ux-Free-Customer-service-man.512-300x300.png 300w, https:\/\/www.krokofinland.fi\/wp-content\/uploads\/2023\/05\/Streamlineicons-Streamline-Ux-Free-Customer-service-man.512-100x100.png 100w\" sizes=\"auto, (max-width: 512px) 100vw, 512px\" \/>                         <\/div>\n          <\/div>\n         \n          <div class=\"box-text text-center\" >\n                <div class=\"box-text-inner\">\n                  <h4 class=\"uppercase\">\n                    <span class=\"person-name\"><\/span><br\/>\n                    <span class=\"person-title is-small thin-font op-7\">\n                      Technical support                    <\/span>\n                  <\/h4>\n\t\t\t\t\t\r\n\r\n<a href=\"tel:045 139 0517 \">+358 45 139 0517 <\/a>\r\n\r\n<a href=\"mailto:tuki@krokofinland.fi\">tuki@krokofinland.fi<\/a>\r\n\r\n                <\/div>\n          <\/div>\n    <\/div>\n\n\t\n    \n\n\n\t\t<\/div>\n\t\t\t\t\t<\/div>\n\n\t\n\n<\/div>\n\n\t\t<\/div>\n\t\t\t\t\n<style>\n#col-1657710092 > .col-inner {\n  padding: 50px 25px 25px 25px;\n  border-radius: 25px;\n}\n@media (min-width:550px) {\n  #col-1657710092 > .col-inner {\n    padding: 50px 50px 25px 50px;\n  }\n}\n<\/style>\n\t<\/div>\n\n\t\n\n<\/div>\n\t<div id=\"gap-1368888567\" class=\"gap-element clearfix\" style=\"display:block; height:auto;\">\n\t\t\n<style>\n#gap-1368888567 {\n  padding-top: 30px;\n}\n<\/style>\n\t<\/div>\n\t\n\n\n\t\t<\/div>\n\n\t\t\n<style>\n#section_2141895667 {\n  padding-top: 60px;\n  padding-bottom: 60px;\n  background-color: rgb(248, 248, 248);\n}\n<\/style>\n\t<\/section>\n\t\n\n\t<section class=\"section dark\" id=\"section_1531839095\">\n\t\t<div class=\"section-bg fill\" >\n\t\t\t<img loading=\"lazy\" decoding=\"async\" width=\"1000\" height=\"650\" src=\"https:\/\/www.krokofinland.fi\/wp-content\/uploads\/2016\/08\/dummy-2.jpg\" class=\"bg attachment- size-\" alt=\"\" \/>\t\t\t\t\t\t\n\t\t\t\n\n\t\t<\/div>\n\n\t\t\n\n\t\t<div class=\"section-content relative\">\n\t\t\t\n\n<div class=\"row\"  id=\"row-1971136435\">\n\n\n\t<div id=\"col-519369424\" class=\"col small-12 large-12\"  >\n\t\t\t\t<div class=\"col-inner text-center\"  >\n\t\t\t\n\t\t\t\n\n<p><span style=\"font-size: 150%;\"><strong>Read more about our other software<\/strong><\/span><\/p>\n<div class=\"nav-wrapper\"><ul class=\"nav nav-uppercase nav-horizontal nav-simple text-center nav-center\"><li class=><a href=\"https:\/\/www.krokofinland.fi\/en\/software\/sample-labelling-kroko-medilab\/\">Sample labelling \u2013 Kroko MediLab<\/a><\/li><li class=><a href=\"https:\/\/www.krokofinland.fi\/en\/software\/kroko-ajanvaraus-kroko-scheduling\/\">Kroko Scheduling<\/a><\/li><li class=><a href=\"https:\/\/www.krokofinland.fi\/en\/software\/building-services-and-electricity-networks\/\">Building services and electricity networks<\/a><\/li><li class=><a href=\"https:\/\/www.krokofinland.fi\/en\/software\/industry-and-maintenance-kroko-autoprint\/\">Industry and maintenance \u2013 Kroko Autoprint<\/a><\/li><li class=><a href=\"https:\/\/www.krokofinland.fi\/en\/software\/professional-kitchens-kroko-food-service\/\">Professional kitchens \u2013 Kroko Food Service<\/a><\/li><\/ul><\/div>\n\n\n\t\t<\/div>\n\t\t\t\t\t<\/div>\n\n\t\n\n<\/div>\n\n\t\t<\/div>\n\n\t\t\n<style>\n#section_1531839095 {\n  padding-top: 30px;\n  padding-bottom: 30px;\n  background-color: rgb(40, 40, 40);\n}\n<\/style>\n\t<\/section>\n\t\n","protected":false},"excerpt":{"rendered":"","protected":false},"author":1,"featured_media":0,"parent":0,"menu_order":0,"comment_status":"closed","ping_status":"closed","template":"page-transparent-header.php","meta":{"footnotes":""},"class_list":["post-2490","page","type-page","status-publish","hentry"],"yoast_head":"<!-- This site is optimized with the Yoast SEO plugin v27.1.1 - https:\/\/yoast.com\/product\/yoast-seo-wordpress\/ -->\n<title>Downloads - Kroko Print Solutions<\/title>\n<meta name=\"robots\" content=\"index, follow, max-snippet:-1, max-image-preview:large, max-video-preview:-1\" \/>\n<link rel=\"canonical\" href=\"https:\/\/www.krokofinland.fi\/en\/drivers\/\" \/>\n<meta property=\"og:locale\" content=\"en_US\" \/>\n<meta property=\"og:type\" content=\"article\" \/>\n<meta property=\"og:title\" content=\"Downloads - Kroko Print Solutions\" \/>\n<meta property=\"og:url\" content=\"https:\/\/www.krokofinland.fi\/en\/drivers\/\" \/>\n<meta property=\"og:site_name\" content=\"Kroko Print Solutions\" \/>\n<meta property=\"article:modified_time\" content=\"2023-11-16T11:03:39+00:00\" \/>\n<meta name=\"twitter:card\" content=\"summary_large_image\" \/>\n<meta name=\"twitter:label1\" content=\"Est. reading time\" \/>\n\t<meta name=\"twitter:data1\" content=\"2 minutes\" \/>\n<script type=\"application\/ld+json\" class=\"yoast-schema-graph\">{\"@context\":\"https:\/\/schema.org\",\"@graph\":[{\"@type\":\"WebPage\",\"@id\":\"https:\/\/www.krokofinland.fi\/en\/drivers\/\",\"url\":\"https:\/\/www.krokofinland.fi\/en\/drivers\/\",\"name\":\"Downloads - Kroko Print Solutions\",\"isPartOf\":{\"@id\":\"https:\/\/www.krokofinland.fi\/#website\"},\"datePublished\":\"2023-10-09T06:42:56+00:00\",\"dateModified\":\"2023-11-16T11:03:39+00:00\",\"breadcrumb\":{\"@id\":\"https:\/\/www.krokofinland.fi\/en\/drivers\/#breadcrumb\"},\"inLanguage\":\"en-US\",\"potentialAction\":[{\"@type\":\"ReadAction\",\"target\":[\"https:\/\/www.krokofinland.fi\/en\/drivers\/\"]}]},{\"@type\":\"BreadcrumbList\",\"@id\":\"https:\/\/www.krokofinland.fi\/en\/drivers\/#breadcrumb\",\"itemListElement\":[{\"@type\":\"ListItem\",\"position\":1,\"name\":\"Home\",\"item\":\"https:\/\/www.krokofinland.fi\/en\/etusivu\/\"},{\"@type\":\"ListItem\",\"position\":2,\"name\":\"Downloads\"}]},{\"@type\":\"WebSite\",\"@id\":\"https:\/\/www.krokofinland.fi\/#website\",\"url\":\"https:\/\/www.krokofinland.fi\/\",\"name\":\"Kroko Print Solutions\",\"description\":\"Ohjelmistot ja tulostimet ammattilaisille\",\"publisher\":{\"@id\":\"https:\/\/www.krokofinland.fi\/#organization\"},\"potentialAction\":[{\"@type\":\"SearchAction\",\"target\":{\"@type\":\"EntryPoint\",\"urlTemplate\":\"https:\/\/www.krokofinland.fi\/?s={search_term_string}\"},\"query-input\":{\"@type\":\"PropertyValueSpecification\",\"valueRequired\":true,\"valueName\":\"search_term_string\"}}],\"inLanguage\":\"en-US\"},{\"@type\":\"Organization\",\"@id\":\"https:\/\/www.krokofinland.fi\/#organization\",\"name\":\"Kroko Print Solutions\",\"url\":\"https:\/\/www.krokofinland.fi\/\",\"logo\":{\"@type\":\"ImageObject\",\"inLanguage\":\"en-US\",\"@id\":\"https:\/\/www.krokofinland.fi\/#\/schema\/logo\/image\/\",\"url\":\"https:\/\/www.krokofinland.fi\/wp-content\/uploads\/2021\/05\/kroko_logo_vari_slogan.jpg-2.jpg\",\"contentUrl\":\"https:\/\/www.krokofinland.fi\/wp-content\/uploads\/2021\/05\/kroko_logo_vari_slogan.jpg-2.jpg\",\"width\":210,\"height\":60,\"caption\":\"Kroko Print Solutions\"},\"image\":{\"@id\":\"https:\/\/www.krokofinland.fi\/#\/schema\/logo\/image\/\"}}]}<\/script>\n<!-- \/ Yoast SEO plugin. -->","yoast_head_json":{"title":"Downloads - Kroko Print Solutions","robots":{"index":"index","follow":"follow","max-snippet":"max-snippet:-1","max-image-preview":"max-image-preview:large","max-video-preview":"max-video-preview:-1"},"canonical":"https:\/\/www.krokofinland.fi\/en\/drivers\/","og_locale":"en_US","og_type":"article","og_title":"Downloads - Kroko Print Solutions","og_url":"https:\/\/www.krokofinland.fi\/en\/drivers\/","og_site_name":"Kroko Print Solutions","article_modified_time":"2023-11-16T11:03:39+00:00","twitter_card":"summary_large_image","twitter_misc":{"Est. reading time":"2 minutes"},"schema":{"@context":"https:\/\/schema.org","@graph":[{"@type":"WebPage","@id":"https:\/\/www.krokofinland.fi\/en\/drivers\/","url":"https:\/\/www.krokofinland.fi\/en\/drivers\/","name":"Downloads - Kroko Print Solutions","isPartOf":{"@id":"https:\/\/www.krokofinland.fi\/#website"},"datePublished":"2023-10-09T06:42:56+00:00","dateModified":"2023-11-16T11:03:39+00:00","breadcrumb":{"@id":"https:\/\/www.krokofinland.fi\/en\/drivers\/#breadcrumb"},"inLanguage":"en-US","potentialAction":[{"@type":"ReadAction","target":["https:\/\/www.krokofinland.fi\/en\/drivers\/"]}]},{"@type":"BreadcrumbList","@id":"https:\/\/www.krokofinland.fi\/en\/drivers\/#breadcrumb","itemListElement":[{"@type":"ListItem","position":1,"name":"Home","item":"https:\/\/www.krokofinland.fi\/en\/etusivu\/"},{"@type":"ListItem","position":2,"name":"Downloads"}]},{"@type":"WebSite","@id":"https:\/\/www.krokofinland.fi\/#website","url":"https:\/\/www.krokofinland.fi\/","name":"Kroko Print Solutions","description":"Ohjelmistot ja tulostimet ammattilaisille","publisher":{"@id":"https:\/\/www.krokofinland.fi\/#organization"},"potentialAction":[{"@type":"SearchAction","target":{"@type":"EntryPoint","urlTemplate":"https:\/\/www.krokofinland.fi\/?s={search_term_string}"},"query-input":{"@type":"PropertyValueSpecification","valueRequired":true,"valueName":"search_term_string"}}],"inLanguage":"en-US"},{"@type":"Organization","@id":"https:\/\/www.krokofinland.fi\/#organization","name":"Kroko Print Solutions","url":"https:\/\/www.krokofinland.fi\/","logo":{"@type":"ImageObject","inLanguage":"en-US","@id":"https:\/\/www.krokofinland.fi\/#\/schema\/logo\/image\/","url":"https:\/\/www.krokofinland.fi\/wp-content\/uploads\/2021\/05\/kroko_logo_vari_slogan.jpg-2.jpg","contentUrl":"https:\/\/www.krokofinland.fi\/wp-content\/uploads\/2021\/05\/kroko_logo_vari_slogan.jpg-2.jpg","width":210,"height":60,"caption":"Kroko Print Solutions"},"image":{"@id":"https:\/\/www.krokofinland.fi\/#\/schema\/logo\/image\/"}}]}},"_links":{"self":[{"href":"https:\/\/www.krokofinland.fi\/en\/wp-json\/wp\/v2\/pages\/2490","targetHints":{"allow":["GET"]}}],"collection":[{"href":"https:\/\/www.krokofinland.fi\/en\/wp-json\/wp\/v2\/pages"}],"about":[{"href":"https:\/\/www.krokofinland.fi\/en\/wp-json\/wp\/v2\/types\/page"}],"author":[{"embeddable":true,"href":"https:\/\/www.krokofinland.fi\/en\/wp-json\/wp\/v2\/users\/1"}],"replies":[{"embeddable":true,"href":"https:\/\/www.krokofinland.fi\/en\/wp-json\/wp\/v2\/comments?post=2490"}],"version-history":[{"count":15,"href":"https:\/\/www.krokofinland.fi\/en\/wp-json\/wp\/v2\/pages\/2490\/revisions"}],"predecessor-version":[{"id":3051,"href":"https:\/\/www.krokofinland.fi\/en\/wp-json\/wp\/v2\/pages\/2490\/revisions\/3051"}],"wp:attachment":[{"href":"https:\/\/www.krokofinland.fi\/en\/wp-json\/wp\/v2\/media?parent=2490"}],"curies":[{"name":"wp","href":"https:\/\/api.w.org\/{rel}","templated":true}]}}